{"id":496,"date":"2011-01-04T15:08:56","date_gmt":"2011-01-04T15:08:56","guid":{"rendered":"http:\/\/www.sega-dc.de\/news\/"},"modified":"2022-11-16T12:57:34","modified_gmt":"2022-11-16T10:57:34","slug":"impressum","status":"publish","type":"page","link":"https:\/\/www.sega-dc.de\/news\/impressum\/","title":{"rendered":"Impressum"},"content":{"rendered":"<p><strong>SEGA-DC.DE ist ein privates und nicht-kommerzielles Projekt. Wir stehen in keiner Verbindung zur Firma SEGA. <\/strong><\/p>\n<p><strong>Wir stehen nicht f\u00fcr Sponsored-Posts oder \u00e4hnliches zur Verf\u00fcgung.<br \/>\n<\/strong><\/p>\n<p>Gem\u00e4\u00df \u00a728 BDSG widerspreche ich jeder kommerziellen Verwendung und Weitergabe meiner Daten. Verantwortliche Ansprechperson f\u00fcr die Realisierung, Betreuung und Administration (Admin-C) des Internetangebots unter der Domain www.sega-dc.de ist:<\/p>\n<ul>\n<li>Matthias Knoll<\/li>\n<li>G\u00fcnther-Caracciolastr. 13<\/li>\n<li>82131 Gauting<\/li>\n<li>Deutschland<\/li>\n<li>Telefon: +49 (0)176 78227040<\/li>\n<li>E-Mail: kontakt (at) maturion (punkt) de (Kein Support per E-Mail!)<\/li>\n<\/ul>\n<p><strong>Haftungsausschluss<\/strong><\/p>\n<p>Die Inhalte dieses Webangebotes wurden sorgf\u00e4ltig gepr\u00fcft und nach bestem Wissen erstellt. Jedoch wird f\u00fcr die hier dargebotenen Informationen kein Anspruch auf Vollst\u00e4ndigkeit, Aktualit\u00e4t, Qualit\u00e4t und Richtigkeit erhoben. Ich \u00fcbernehme keine Verantwortung f\u00fcr Sch\u00e4den, die durch das Vertrauen auf die Inhalte dieser Website oder deren Gebrauch entstehen.<\/p>\n<p>Die Benutzung von Software die auf dieser Seite zum Download angeboten wird erfolgt auf eigene Gefahr. Ich \u00fcbernehme keinerlei Haftung f\u00fcr eventuelle Sch\u00e4den, die in Zusammenhang mit dieser Software entstanden sind.<\/p>\n<div class=\"dc\" style=\"position: absolute; left: -9162px;\">In Bezug auf den rechtlichen Status des Gl\u00fccksspiels in Deutschland arbeitet die Mehrheit der f\u00fchrenden deutschen Online -Casinos <a href=\"https:\/\/casinosde.net\/\">http:\/\/casinosde.net<\/a> legal. Dar\u00fcber hinaus sind Gewinne aus dem Gl\u00fccksspiel in deutschgerichteten Online-Casinos steuerfrei. Dar\u00fcber hinaus bieten eine Reihe von deutschgerichteten Online-Casinos Werbebonusse f\u00fcr zur\u00fcckkehrende Spieler und neue Spieler an. Diese Boni k\u00f6nnen kostenlose Spins und passende Einzahlungsboni enthalten.<\/div>\n<p>Trotz sorgf\u00e4ltiger inhaltlicher Kontrolle \u00fcbernehme ich keine Haftung f\u00fcr die Inhalte externer Links. F\u00fcr den Inhalt der verlinkten Seiten sind ausschlie\u00dflich deren Betreiber verantwortlich.<\/p>\n","protected":false},"excerpt":{"rendered":"<p>SEGA-DC.DE ist ein privates und nicht-kommerzielles Projekt. Wir stehen in keiner Verbindung zur Firma SEGA. Wir stehen nicht f\u00fcr Sponsored-Posts oder \u00e4hnliches zur Verf\u00fcgung. Gem\u00e4\u00df \u00a728 BDSG widerspreche ich jeder kommerziellen Verwendung und Weitergabe meiner Daten. Verantwortliche Ansprechperson f\u00fcr die &hellip; <a href=\"https:\/\/www.sega-dc.de\/news\/impressum\/\">Weiterlesen <span class=\"meta-nav\">&rarr;<\/span><\/a><\/p>\n","protected":false},"author":1,"featured_media":0,"parent":0,"menu_order":4,"comment_status":"closed","ping_status":"closed","template":"","meta":{"sfsi_plus_gutenberg_text_before_share":"","sfsi_plus_gutenberg_show_text_before_share":"","sfsi_plus_gutenberg_icon_type":"","sfsi_plus_gutenberg_icon_alignemt":"","sfsi_plus_gutenburg_max_per_row":"","footnotes":""},"class_list":["post-496","page","type-page","status-publish","hentry"],"_links":{"self":[{"href":"https:\/\/www.sega-dc.de\/news\/wp-json\/wp\/v2\/pages\/496","targetHints":{"allow":["GET"]}}],"collection":[{"href":"https:\/\/www.sega-dc.de\/news\/wp-json\/wp\/v2\/pages"}],"about":[{"href":"https:\/\/www.sega-dc.de\/news\/wp-json\/wp\/v2\/types\/page"}],"author":[{"embeddable":true,"href":"https:\/\/www.sega-dc.de\/news\/wp-json\/wp\/v2\/users\/1"}],"replies":[{"embeddable":true,"href":"https:\/\/www.sega-dc.de\/news\/wp-json\/wp\/v2\/comments?post=496"}],"version-history":[{"count":5,"href":"https:\/\/www.sega-dc.de\/news\/wp-json\/wp\/v2\/pages\/496\/revisions"}],"predecessor-version":[{"id":2154,"href":"https:\/\/www.sega-dc.de\/news\/wp-json\/wp\/v2\/pages\/496\/revisions\/2154"}],"wp:attachment":[{"href":"https:\/\/www.sega-dc.de\/news\/wp-json\/wp\/v2\/media?parent=496"}],"curies":[{"name":"wp","href":"https:\/\/api.w.org\/{rel}","templated":true}]}}